{"id":86,"date":"2022-04-01T11:42:35","date_gmt":"2022-04-01T11:42:35","guid":{"rendered":"http:\/\/greenly-demo.pbminfotech.com\/elementor-site7\/?page_id=10643"},"modified":"2023-05-23T18:33:02","modified_gmt":"2023-05-23T18:33:02","slug":"angebote","status":"publish","type":"page","link":"https:\/\/mzbio.de\/en\/angebote\/","title":{"rendered":"Angebote"},"content":{"rendered":"<div data-elementor-type=\"wp-page\" data-elementor-id=\"86\" class=\"elementor elementor-86\">\n\t\t\t\t\t\t<section class=\"elementor-section elementor-top-section elementor-element elementor-element-b63c1bd cspt-col-stretched-none cspt-bg-color-over-image elementor-section-boxed elementor-section-height-default elementor-section-height-default\" data-id=\"b63c1bd\" data-element_type=\"section\">\n\t\t\t\t\t\t<div class=\"elementor-container elementor-column-gap-no\">\n\t\t\t\t\t<div class=\"elementor-column elementor-col-50 elementor-top-column elementor-element elementor-element-9880a92 cspt-bg-color-over-image\" data-id=\"9880a92\" data-element_type=\"column\">\n\t\t\t<div class=\"elementor-widget-wrap elementor-element-populated\">\n\t\t\t\t\t\t<div class=\"elementor-element elementor-element-0e65e04 cspt-align-left elementor-widget elementor-widget-cspt_heading\" data-id=\"0e65e04\" data-element_type=\"widget\" data-widget_type=\"cspt_heading.default\">\n\t\t\t\t<div class=\"elementor-widget-container\">\n\t\t\t\t\t\t<div class=\"cspt-heading-subheading left-align cspt-reverse-heading-yes\"><h4 class=\"cspt-element-subtitle\">\r\n\t\t\t\r\n\t\t\t\tOFFERS\r\n\t\t\t\r\n\t\t\t<\/h4>\r\n\t\t<h2 class=\"cspt-element-title\">\r\n\t\t\t\r\n\t\t\t\tFind out more about our offer\r\n\t\t\t\r\n\t\t\t<\/h2>\r\n\t\t<\/div>\t\t\t\t<\/div>\n\t\t\t\t<\/div>\n\t\t\t\t<div class=\"elementor-element elementor-element-f70fbc4 elementor-widget elementor-widget-spacer\" data-id=\"f70fbc4\" data-element_type=\"widget\" data-widget_type=\"spacer.default\">\n\t\t\t\t<div class=\"elementor-widget-container\">\n\t\t\t\t\t\t\t<div class=\"elementor-spacer\">\n\t\t\t<div class=\"elementor-spacer-inner\"><\/div>\n\t\t<\/div>\n\t\t\t\t\t\t<\/div>\n\t\t\t\t<\/div>\n\t\t\t\t\t<\/div>\n\t\t<\/div>\n\t\t\t\t<div class=\"elementor-column elementor-col-50 elementor-top-column elementor-element elementor-element-11b8bf0 cspt-bg-color-over-image\" data-id=\"11b8bf0\" data-element_type=\"column\">\n\t\t\t<div class=\"elementor-widget-wrap\">\n\t\t\t\t\t\t\t<\/div>\n\t\t<\/div>\n\t\t\t\t\t<\/div>\n\t\t<\/section>\n\t\t\t\t<section class=\"elementor-section elementor-top-section elementor-element elementor-element-037b15d cspt-bg-image-over-color elementor-section-height-min-height elementor-section-full_width cspt-col-stretched-none elementor-section-height-default elementor-section-items-middle\" data-id=\"037b15d\" data-element_type=\"section\">\n\t\t\t\t\t\t<div class=\"elementor-container elementor-column-gap-default\">\n\t\t\t\t\t<div class=\"elementor-column elementor-col-100 elementor-top-column elementor-element elementor-element-de36d5f cspt-bg-color-over-image\" data-id=\"de36d5f\" data-element_type=\"column\">\n\t\t\t<div class=\"elementor-widget-wrap elementor-element-populated\">\n\t\t\t\t\t\t<div class=\"elementor-element elementor-element-93379c9 elementor-widget elementor-widget-cspt_service_element\" data-id=\"93379c9\" data-element_type=\"widget\" data-widget_type=\"cspt_service_element.default\">\n\t\t\t\t<div class=\"elementor-widget-container\">\n\t\t\t\t\t\r\n\t\t<div class=\"creativesplanet-element creativesplanet-element-service cspt-element-service-style-4 creativesplanet-element-viewtype-row-column creativesplanet-gap-10px\" data-show=\"5\" data-columns=\"5\" data-loop=\"false\" data-autoplay=\"false\" data-center=\"false\" data-nav=\"false\" data-dots=\"false\" data-autoplayspeed=\"1000\" data-margin=\"10px\"><div class=\"creativesplanet-element-inner\">\r\n\t\t\r\n\t\t\t<div class=\"cspt-ele-header-area\">\r\n\t\t\t\t\t<div class=\"cspt-heading-subheading -align\"><\/div>\r\n\t\t\t\t\r\n\t\t\t<\/div>\r\n\r\n\t\t\t<div class=\"cspt-element-posts-wrapper row multi-columns-row\">\r\n\r\n\t\t\t<div class=\"cspt-ele cspt-service-ele col-md-20percent biotuten\"><article class=\"creativesplanet-ele creativesplanet-ele-service cspt-service-style-4\">\r\n\t<div class=\"creativesplanet-post-item\">\r\n\t\t<div class=\"cspt-featured-wrapper\"><a href=\"https:\/\/mzbio.de\/en\/produkte\/bio-einkaufstute\/\"><img fetchpriority=\"high\" decoding=\"async\" width=\"600\" height=\"750\" src=\"https:\/\/mzbio.de\/wp-content\/uploads\/2018\/10\/slogom4-600x750.jpg\" class=\"attachment-cspt-img-600x750 size-cspt-img-600x750 wp-post-image\" alt=\"\" data-id=\"255\" \/><\/a><\/div>\t\t<div class=\"creativesplanet-box-content\">\r\n            \t<div class=\"creativesplanet-box-content-inner\">\t\r\n\t\t\t\t<div class=\"cspt-service-wrap\"> \r\n\t\t\t\t\t<div class=\"cspt-service-category\">\t\t<span class=\"cspt-service-cat\"><a href=\"https:\/\/mzbio.de\/en\/produkte-category\/biotuten\/\" rel=\"tag\">Bio bags<\/a><\/span>\r\n\t\t<\/div>\r\n\t                \t\t<h3 class=\"cspt-service-title\"><a href=\"https:\/\/mzbio.de\/en\/produkte\/bio-einkaufstute\/\">Bio-Einkaufst\u00fcte<\/a><\/h3>\r\n\t                \t<\/div> \t\t\t\t      \r\n            \t<\/div>\r\n\t\t<\/div>\r\n\t<\/div>\r\n<\/article>\r\n<\/div><div class=\"cspt-ele cspt-service-ele col-md-20percent biotuten\"><article class=\"creativesplanet-ele creativesplanet-ele-service cspt-service-style-4\">\r\n\t<div class=\"creativesplanet-post-item\">\r\n\t\t<div class=\"cspt-featured-wrapper\"><a href=\"https:\/\/mzbio.de\/en\/produkte\/bio-apothekenbeutel\/\"><img decoding=\"async\" width=\"600\" height=\"750\" src=\"https:\/\/mzbio.de\/wp-content\/uploads\/2023\/05\/kesica-600x750.jpg\" class=\"attachment-cspt-img-600x750 size-cspt-img-600x750 wp-post-image\" alt=\"\" data-id=\"3244\" \/><\/a><\/div>\t\t<div class=\"creativesplanet-box-content\">\r\n            \t<div class=\"creativesplanet-box-content-inner\">\t\r\n\t\t\t\t<div class=\"cspt-service-wrap\"> \r\n\t\t\t\t\t<div class=\"cspt-service-category\">\t\t<span class=\"cspt-service-cat\"><a href=\"https:\/\/mzbio.de\/en\/produkte-category\/biotuten\/\" rel=\"tag\">Bio bags<\/a><\/span>\r\n\t\t<\/div>\r\n\t                \t\t<h3 class=\"cspt-service-title\"><a href=\"https:\/\/mzbio.de\/en\/produkte\/bio-apothekenbeutel\/\">Bio-Apothekenbeutel<\/a><\/h3>\r\n\t                \t<\/div> \t\t\t\t      \r\n            \t<\/div>\r\n\t\t<\/div>\r\n\t<\/div>\r\n<\/article>\r\n<\/div><div class=\"cspt-ele cspt-service-ele col-md-20percent biotuten\"><article class=\"creativesplanet-ele creativesplanet-ele-service cspt-service-style-4\">\r\n\t<div class=\"creativesplanet-post-item\">\r\n\t\t<div class=\"cspt-featured-wrapper\"><a href=\"https:\/\/mzbio.de\/en\/produkte\/bio-obst-und-gemusebeutel\/\"><img decoding=\"async\" width=\"600\" height=\"750\" src=\"https:\/\/mzbio.de\/wp-content\/uploads\/2018\/10\/slogom2-1-600x750.jpg\" class=\"attachment-cspt-img-600x750 size-cspt-img-600x750 wp-post-image\" alt=\"\" data-id=\"263\" \/><\/a><\/div>\t\t<div class=\"creativesplanet-box-content\">\r\n            \t<div class=\"creativesplanet-box-content-inner\">\t\r\n\t\t\t\t<div class=\"cspt-service-wrap\"> \r\n\t\t\t\t\t<div class=\"cspt-service-category\">\t\t<span class=\"cspt-service-cat\"><a href=\"https:\/\/mzbio.de\/en\/produkte-category\/biotuten\/\" rel=\"tag\">Bio bags<\/a><\/span>\r\n\t\t<\/div>\r\n\t                \t\t<h3 class=\"cspt-service-title\"><a href=\"https:\/\/mzbio.de\/en\/produkte\/bio-obst-und-gemusebeutel\/\">Bio-Obst- und Gem\u00fcsebeutel<\/a><\/h3>\r\n\t                \t<\/div> \t\t\t\t      \r\n            \t<\/div>\r\n\t\t<\/div>\r\n\t<\/div>\r\n<\/article>\r\n<\/div><div class=\"cspt-ele cspt-service-ele col-md-20percent biotuten\"><article class=\"creativesplanet-ele creativesplanet-ele-service cspt-service-style-4\">\r\n\t<div class=\"creativesplanet-post-item\">\r\n\t\t<div class=\"cspt-featured-wrapper\"><a href=\"https:\/\/mzbio.de\/en\/produkte\/bio-mullsacke\/\"><img loading=\"lazy\" decoding=\"async\" width=\"600\" height=\"750\" src=\"https:\/\/mzbio.de\/wp-content\/uploads\/2025\/03\/doggybag3-600x750.jpg\" class=\"attachment-cspt-img-600x750 size-cspt-img-600x750 wp-post-image\" alt=\"\" data-id=\"3239\" \/><\/a><\/div>\t\t<div class=\"creativesplanet-box-content\">\r\n            \t<div class=\"creativesplanet-box-content-inner\">\t\r\n\t\t\t\t<div class=\"cspt-service-wrap\"> \r\n\t\t\t\t\t<div class=\"cspt-service-category\">\t\t<span class=\"cspt-service-cat\"><a href=\"https:\/\/mzbio.de\/en\/produkte-category\/biotuten\/\" rel=\"tag\">Bio bags<\/a><\/span>\r\n\t\t<\/div>\r\n\t                \t\t<h3 class=\"cspt-service-title\"><a href=\"https:\/\/mzbio.de\/en\/produkte\/bio-mullsacke\/\">Bio-M\u00fclls\u00e4cke<\/a><\/h3>\r\n\t                \t<\/div> \t\t\t\t      \r\n            \t<\/div>\r\n\t\t<\/div>\r\n\t<\/div>\r\n<\/article>\r\n<\/div><div class=\"cspt-ele cspt-service-ele col-md-20percent biotuten\"><article class=\"creativesplanet-ele creativesplanet-ele-service cspt-service-style-4\">\r\n\t<div class=\"creativesplanet-post-item\">\r\n\t\t<div class=\"cspt-featured-wrapper\"><a href=\"https:\/\/mzbio.de\/en\/produkte\/bio-hundekotbeutel\/\"><img loading=\"lazy\" decoding=\"async\" width=\"600\" height=\"750\" src=\"https:\/\/mzbio.de\/wp-content\/uploads\/2024\/06\/doggybag1-600x750.jpg\" class=\"attachment-cspt-img-600x750 size-cspt-img-600x750 wp-post-image\" alt=\"\" data-id=\"3114\" \/><\/a><\/div>\t\t<div class=\"creativesplanet-box-content\">\r\n            \t<div class=\"creativesplanet-box-content-inner\">\t\r\n\t\t\t\t<div class=\"cspt-service-wrap\"> \r\n\t\t\t\t\t<div class=\"cspt-service-category\">\t\t<span class=\"cspt-service-cat\"><a href=\"https:\/\/mzbio.de\/en\/produkte-category\/biotuten\/\" rel=\"tag\">Bio bags<\/a><\/span>\r\n\t\t<\/div>\r\n\t                \t\t<h3 class=\"cspt-service-title\"><a href=\"https:\/\/mzbio.de\/en\/produkte\/bio-hundekotbeutel\/\">Bio-Hundekotbeutel<\/a><\/h3>\r\n\t                \t<\/div> \t\t\t\t      \r\n            \t<\/div>\r\n\t\t<\/div>\r\n\t<\/div>\r\n<\/article>\r\n<\/div>\r\n\t\t\t<\/div>\r\n\r\n\t\t\t\r\n\t\t\r\n\t\t<\/div><!-- .creativesplanet-element-inner -->   <\/div><!-- .creativesplanet-element -->  \r\n\t    \t\t\t\t<\/div>\n\t\t\t\t<\/div>\n\t\t\t\t\t<\/div>\n\t\t<\/div>\n\t\t\t\t\t<\/div>\n\t\t<\/section>\n\t\t\t\t<section class=\"elementor-section elementor-top-section elementor-element elementor-element-bee894b cspt-col-stretched-none cspt-bg-color-over-image elementor-section-boxed elementor-section-height-default elementor-section-height-default\" data-id=\"bee894b\" data-element_type=\"section\">\n\t\t\t\t\t\t<div class=\"elementor-container elementor-column-gap-default\">\n\t\t\t\t\t<div class=\"elementor-column elementor-col-100 elementor-top-column elementor-element elementor-element-dc812fe cspt-bg-color-over-image\" data-id=\"dc812fe\" data-element_type=\"column\">\n\t\t\t<div class=\"elementor-widget-wrap elementor-element-populated\">\n\t\t\t\t\t\t<div class=\"elementor-element elementor-element-bf5d96e elementor-widget elementor-widget-spacer\" data-id=\"bf5d96e\" data-element_type=\"widget\" data-widget_type=\"spacer.default\">\n\t\t\t\t<div class=\"elementor-widget-container\">\n\t\t\t\t\t\t\t<div class=\"elementor-spacer\">\n\t\t\t<div class=\"elementor-spacer-inner\"><\/div>\n\t\t<\/div>\n\t\t\t\t\t\t<\/div>\n\t\t\t\t<\/div>\n\t\t\t\t\t<\/div>\n\t\t<\/div>\n\t\t\t\t\t<\/div>\n\t\t<\/section>\n\t\t\t\t<\/div>","protected":false},"excerpt":{"rendered":"<p>ANGEBOTE Erfahren Sie mehr \u00fcber unser Angebot Produkte BIO-Einkaufst\u00fcte Produkte BIO-Apothekenbeutel Produkte BIO-Obst- und Gem\u00fcsebeutel Produkte BIO-M\u00fclls\u00e4cke Produkte Biofolien<\/p>","protected":false},"author":1,"featured_media":0,"parent":0,"menu_order":18,"comment_status":"closed","ping_status":"closed","template":"","meta":{"_acf_changed":false,"footnotes":""},"class_list":["post-86","page","type-page","status-publish","hentry"],"acf":[],"_links":{"self":[{"href":"https:\/\/mzbio.de\/en\/wp-json\/wp\/v2\/pages\/86","targetHints":{"allow":["GET"]}}],"collection":[{"href":"https:\/\/mzbio.de\/en\/wp-json\/wp\/v2\/pages"}],"about":[{"href":"https:\/\/mzbio.de\/en\/wp-json\/wp\/v2\/types\/page"}],"author":[{"embeddable":true,"href":"https:\/\/mzbio.de\/en\/wp-json\/wp\/v2\/users\/1"}],"replies":[{"embeddable":true,"href":"https:\/\/mzbio.de\/en\/wp-json\/wp\/v2\/comments?post=86"}],"version-history":[{"count":26,"href":"https:\/\/mzbio.de\/en\/wp-json\/wp\/v2\/pages\/86\/revisions"}],"predecessor-version":[{"id":2414,"href":"https:\/\/mzbio.de\/en\/wp-json\/wp\/v2\/pages\/86\/revisions\/2414"}],"wp:attachment":[{"href":"https:\/\/mzbio.de\/en\/wp-json\/wp\/v2\/media?parent=86"}],"curies":[{"name":"wp","href":"https:\/\/api.w.org\/{rel}","templated":true}]}}