{"id":78,"date":"2022-04-04T08:50:42","date_gmt":"2022-04-04T08:50:42","guid":{"rendered":"https:\/\/greenly-demo.pbminfotech.com\/elementor-datasite\/?page_id=10800"},"modified":"2025-03-28T20:50:15","modified_gmt":"2025-03-28T20:50:15","slug":"startseite","status":"publish","type":"page","link":"https:\/\/mzbio.de\/en\/","title":{"rendered":"Startseite"},"content":{"rendered":"<div data-elementor-type=\"wp-page\" data-elementor-id=\"78\" class=\"elementor elementor-78\">\n\t\t\t\t\t\t<section class=\"elementor-section elementor-top-section elementor-element elementor-element-44f63e7f cspt-bg-color-yes cspt-elementor-bg-color-globalcolor elementor-section-stretched cspt-bg-image-over-color elementor-section-content-middle cspt-col-stretched-none elementor-section-boxed elementor-section-height-default elementor-section-height-default\" data-id=\"44f63e7f\" data-element_type=\"section\" data-settings=\"{&quot;stretch_section&quot;:&quot;section-stretched&quot;,&quot;background_background&quot;:&quot;classic&quot;}\">\n\t\t\t\t\t\t\t<div class=\"elementor-background-overlay\"><\/div>\n\t\t\t\t\t\t\t<div class=\"elementor-container elementor-column-gap-default\">\n\t\t\t\t\t<div class=\"elementor-column elementor-col-50 elementor-top-column elementor-element elementor-element-1703c157 cspt-bg-color-over-image\" data-id=\"1703c157\" data-element_type=\"column\">\n\t\t\t<div class=\"elementor-widget-wrap elementor-element-populated\">\n\t\t\t\t\t\t<div class=\"elementor-element elementor-element-58b009f4 cspt-align-left cspt-align-left elementor-widget elementor-widget-cspt_heading\" data-id=\"58b009f4\" data-element_type=\"widget\" data-widget_type=\"cspt_heading.default\">\n\t\t\t\t<div class=\"elementor-widget-container\">\n\t\t\t\t\t\t<div class=\"cspt-heading-subheading left-align cspt-reverse-heading-yes\"><h4 class=\"cspt-element-subtitle\">\r\n\t\t\t\r\n\t\t\t\tABOUT US\n\r\n\t\t\t\r\n\t\t\t<\/h4>\r\n\t\t<h2 class=\"cspt-element-title\">\r\n\t\t\t\r\n\t\t\t\t We are MZ Bio GmbH\r\n\t\t\t\r\n\t\t\t<\/h2>\r\n\t\t<div class=\"cspt-heading-desc\">We (MZ Bio GmbH) are a growing, aspiring and innovative young company with a focus on bio products.<\/div><\/div>\t\t\t\t<\/div>\n\t\t\t\t<\/div>\n\t\t\t\t\t<\/div>\n\t\t<\/div>\n\t\t\t\t<div class=\"elementor-column elementor-col-50 elementor-top-column elementor-element elementor-element-3ce2536b cspt-bg-color-over-image\" data-id=\"3ce2536b\" data-element_type=\"column\">\n\t\t\t<div class=\"elementor-widget-wrap elementor-element-populated\">\n\t\t\t\t\t\t<div class=\"elementor-element elementor-element-710bc878 elementor-widget elementor-widget-text-editor\" data-id=\"710bc878\" data-element_type=\"widget\" data-widget_type=\"text-editor.default\">\n\t\t\t\t<div class=\"elementor-widget-container\">\n\t\t\t\t\t\t\t\t\t<p>Our diverse product line is well received by restaurants, grocery stores, municipalities and industry. We place a high priority on sustainability, which is why we use only organic products made from corn starch. We are constantly working to find new biologically recyclable solutions to meet our mission statement of sustainability and environmental protection.<\/p>\t\t\t\t\t\t\t\t<\/div>\n\t\t\t\t<\/div>\n\t\t\t\t\t<\/div>\n\t\t<\/div>\n\t\t\t\t\t<\/div>\n\t\t<\/section>\n\t\t\t\t<section class=\"elementor-section elementor-top-section elementor-element elementor-element-683baf9b cspt-bg-image-over-color elementor-section-height-min-height elementor-section-full_width cspt-col-stretched-none elementor-section-height-default elementor-section-items-middle\" data-id=\"683baf9b\" data-element_type=\"section\">\n\t\t\t\t\t\t<div class=\"elementor-container elementor-column-gap-default\">\n\t\t\t\t\t<div class=\"elementor-column elementor-col-100 elementor-top-column elementor-element elementor-element-6891a93d cspt-bg-color-over-image\" data-id=\"6891a93d\" data-element_type=\"column\">\n\t\t\t<div class=\"elementor-widget-wrap elementor-element-populated\">\n\t\t\t\t\t\t<div class=\"elementor-element elementor-element-20ba1d89 elementor-widget elementor-widget-cspt_ptable_element\" data-id=\"20ba1d89\" data-element_type=\"widget\" data-widget_type=\"cspt_ptable_element.default\">\n\t\t\t\t<div class=\"elementor-widget-container\">\n\t\t\t\t\t\r\n\t\t<div class=\"creativesplanet-ele creativesplanet-ele-pricing-table cspt-pricing-table-style-1\">\r\n\r\n\t\t\t\t<div class=\"cspt-heading-subheading center-align cspt-reverse-heading-yes\"><\/div>\r\n\t\t\t<div class=\"cspt-ptable-cols row multi-columns-row\"><div class=\"cspt-ptable-col col-md-3\">\r\n<div class=\"cspt-pricing-table-box\">\r\n\t\t<h3 class=\"creativesplanet-ptable-heading\">Bio foils<\/h3><div class=\"creativesplanet-sep\"><\/div>\t<div class=\"cspt-ptable-icon\"><div class=\"cspt-ptable-icon-wrapper cspt-ptable-icon-type-image\"><img decoding=\"async\" src=\"https:\/\/mzbio.de\/wp-content\/uploads\/2023\/05\/folija.jpg\" alt=\"Bio foils\" \/><\/div><\/div>\r\n\t<div class=\"creativesplanet-ptable-price-w\">\r\n\t\t \t\t\t<\/div>\r\n\t<div class=\"cspt-ptable-lines-w\">\r\n\t\t<div class=\"cspt-ptable-line\"><i class=\"fa fa-check\"><\/i> <\/div>\t<\/div>\t\r\n\t<div class=\"cspt-ptable-btn\"><a href=\"https:\/\/mzbio.de\/en\/produkte-category\/biofolien\/\"><span>Read more<\/span><\/a><\/div>\r\n<\/div><\/div><div class=\"cspt-ptable-col col-md-3\">\r\n<div class=\"cspt-pricing-table-box\">\r\n\t\t<h3 class=\"creativesplanet-ptable-heading\">Bio bags<\/h3><div class=\"creativesplanet-sep\"><\/div>\t<div class=\"cspt-ptable-icon\"><div class=\"cspt-ptable-icon-wrapper cspt-ptable-icon-type-image\"><img decoding=\"async\" src=\"https:\/\/mzbio.de\/wp-content\/uploads\/2023\/11\/5161-1.jpg\" alt=\"Bio bags\" \/><\/div><\/div>\r\n\t<div class=\"creativesplanet-ptable-price-w\">\r\n\t\t \t\t\t<\/div>\r\n\t<div class=\"cspt-ptable-lines-w\">\r\n\t\t<div class=\"cspt-ptable-line\"><i class=\"fa fa-check\"><\/i> <\/div>\t<\/div>\t\r\n\t<div class=\"cspt-ptable-btn\"><a href=\"https:\/\/mzbio.de\/en\/produkte-category\/biotuten\/\"><span>Read more<\/span><\/a><\/div>\r\n<\/div><\/div><div class=\"cspt-ptable-col col-md-3\">\r\n<div class=\"cspt-pricing-table-box\">\r\n\t\t<h3 class=\"creativesplanet-ptable-heading\">Compostable Tableware<\/h3><div class=\"creativesplanet-sep\"><\/div>\t<div class=\"cspt-ptable-icon\"><div class=\"cspt-ptable-icon-wrapper cspt-ptable-icon-type-image\"><img decoding=\"async\" src=\"https:\/\/mzbio.de\/wp-content\/uploads\/2023\/06\/Einweggeschirr.jpg\" alt=\"Compostable Tableware\" \/><\/div><\/div>\r\n\t<div class=\"creativesplanet-ptable-price-w\">\r\n\t\t \t\t\t<\/div>\r\n\t<div class=\"cspt-ptable-lines-w\">\r\n\t\t<div class=\"cspt-ptable-line\"><i class=\"fa fa-check\"><\/i> Environmental Friendly<\/div>\t<\/div>\t\r\n\t<div class=\"cspt-ptable-btn\"><a href=\"https:\/\/mzbio.de\/en\/produkte-category\/bio-einweggeschirr\/\"><span>Read more<\/span><\/a><\/div>\r\n<\/div><\/div><div class=\"cspt-ptable-col col-md-3\">\r\n<div class=\"cspt-pricing-table-box\">\r\n\t\t<h3 class=\"creativesplanet-ptable-heading\">Reusable<\/h3><div class=\"creativesplanet-sep\"><\/div>\t<div class=\"cspt-ptable-icon\"><div class=\"cspt-ptable-icon-wrapper cspt-ptable-icon-type-image\"><img decoding=\"async\" src=\"https:\/\/mzbio.de\/wp-content\/uploads\/2025\/03\/naslovna.jpg\" alt=\"Reusable\" \/><\/div><\/div>\r\n\t<div class=\"creativesplanet-ptable-price-w\">\r\n\t\t \t\t\t<\/div>\r\n\t<div class=\"cspt-ptable-lines-w\">\r\n\t\t<div class=\"cspt-ptable-line\"><i class=\"fas fa-check\"><\/i> Line One<\/div><div class=\"cspt-ptable-line\"><i class=\"fas fa-check\"><\/i> Line Two<\/div><div class=\"cspt-ptable-line\"><i class=\"fas fa-check\"><\/i> Line Three<\/div>\t<\/div>\t\r\n\t<div class=\"cspt-ptable-btn\"><a href=\"https:\/\/mzbio.de\/en\/produkte-category\/reusable\/\"><span>Read more<\/span><\/a><\/div>\r\n<\/div><\/div><\/div>\r\n\t\t<\/div><!-- creativesplanet-ele creativesplanet-ele-pricing-table -->\r\n\r\n\t\t\t\t\t\t<\/div>\n\t\t\t\t<\/div>\n\t\t\t\t\t<\/div>\n\t\t<\/div>\n\t\t\t\t\t<\/div>\n\t\t<\/section>\n\t\t\t\t<section class=\"elementor-section elementor-top-section elementor-element elementor-element-cc259bf elementor-section-stretched cspt-bg-color-yes cspt-elementor-bg-color-white cspt-col-stretched-none cspt-bg-color-over-image elementor-section-boxed elementor-section-height-default elementor-section-height-default\" data-id=\"cc259bf\" data-element_type=\"section\" data-settings=\"{&quot;stretch_section&quot;:&quot;section-stretched&quot;}\">\n\t\t\t\t\t\t<div class=\"elementor-container elementor-column-gap-default\">\n\t\t\t\t\t<div class=\"elementor-column elementor-col-100 elementor-top-column elementor-element elementor-element-2a85eed3 cspt-bg-color-over-image\" data-id=\"2a85eed3\" data-element_type=\"column\">\n\t\t\t<div class=\"elementor-widget-wrap elementor-element-populated\">\n\t\t\t\t\t\t<div class=\"elementor-element elementor-element-6f76fb28 cspt-align-center elementor-widget elementor-widget-cspt_heading\" data-id=\"6f76fb28\" data-element_type=\"widget\" data-widget_type=\"cspt_heading.default\">\n\t\t\t\t<div class=\"elementor-widget-container\">\n\t\t\t\t\t\t<div class=\"cspt-heading-subheading center-align cspt-reverse-heading-yes\"><h4 class=\"cspt-element-subtitle\">\r\n\t\t\t\r\n\t\t\t\tAdvantages\r\n\t\t\t\r\n\t\t\t<\/h4>\r\n\t\t<h2 class=\"cspt-element-title\">\r\n\t\t\t\r\n\t\t\t\tBenefits of our products\r\n\t\t\t\r\n\t\t\t<\/h2>\r\n\t\t<div class=\"cspt-heading-desc\">Using biodegradable tote bags and bin liners offers several\nBenefits including:<\/div><\/div>\t\t\t\t<\/div>\n\t\t\t\t<\/div>\n\t\t\t\t<section class=\"elementor-section elementor-inner-section elementor-element elementor-element-3219a92f elementor-section-content-middle cspt-col-stretched-none cspt-bg-color-over-image elementor-section-boxed elementor-section-height-default elementor-section-height-default\" data-id=\"3219a92f\" data-element_type=\"section\" data-settings=\"{&quot;background_background&quot;:&quot;classic&quot;}\">\n\t\t\t\t\t\t<div class=\"elementor-container elementor-column-gap-default\">\n\t\t\t\t\t<div class=\"elementor-column elementor-col-33 elementor-inner-column elementor-element elementor-element-25b0c02c cspt-bg-color-over-image\" data-id=\"25b0c02c\" data-element_type=\"column\">\n\t\t\t<div class=\"elementor-widget-wrap elementor-element-populated\">\n\t\t\t\t\t\t<div class=\"elementor-element elementor-element-106417ac elementor-widget elementor-widget-cspt_icon_heading\" data-id=\"106417ac\" data-element_type=\"widget\" data-widget_type=\"cspt_icon_heading.default\">\n\t\t\t\t<div class=\"elementor-widget-container\">\n\t\t\t\t\t<div  class=\"cspt-ihbox cspt-ihbox-style-1\" >\r\n\t<div class=\"cspt-ihbox-icon\"><div class=\"cspt-ihbox-icon-wrapper\"><i class=\"far fa-heart\"><\/i><\/div><\/div>\t<div class=\"cspt-ihbox-contents\">\r\n\t\t<h2 class=\"cspt-element-title\">\r\n\t\t\t\t\t\r\n\t\t\t\t\t\tHealth benefits\r\n\t\t\t\t\t\r\n\t\t\t\t\t<\/h2>\r\n\t\t\t\t\t\t\t\t\t\t\t<\/div><!-- .cspt-ihbox-contents -->\r\n<\/div>\r\n\t\t\t\t<\/div>\n\t\t\t\t<\/div>\n\t\t\t\t<div class=\"elementor-element elementor-element-30c97583 elementor-widget elementor-widget-cspt_icon_heading\" data-id=\"30c97583\" data-element_type=\"widget\" data-widget_type=\"cspt_icon_heading.default\">\n\t\t\t\t<div class=\"elementor-widget-container\">\n\t\t\t\t\t<div  class=\"cspt-ihbox cspt-ihbox-style-1\" >\r\n\t<div class=\"cspt-ihbox-icon\"><div class=\"cspt-ihbox-icon-wrapper\"><i class=\"fas fa-euro-sign\"><\/i><\/div><\/div>\t<div class=\"cspt-ihbox-contents\">\r\n\t\t<h2 class=\"cspt-element-title\">\r\n\t\t\t\t\t\r\n\t\t\t\t\t\t Low cost\r\n\t\t\t\t\t\r\n\t\t\t\t\t<\/h2>\r\n\t\t\t\t\t\t\t\t\t\t\t<\/div><!-- .cspt-ihbox-contents -->\r\n<\/div>\r\n\t\t\t\t<\/div>\n\t\t\t\t<\/div>\n\t\t\t\t\t<\/div>\n\t\t<\/div>\n\t\t\t\t<div class=\"elementor-column elementor-col-33 elementor-inner-column elementor-element elementor-element-1a5c0f17 cspt-bg-color-over-image\" data-id=\"1a5c0f17\" data-element_type=\"column\" data-settings=\"{&quot;background_background&quot;:&quot;classic&quot;}\">\n\t\t\t<div class=\"elementor-widget-wrap elementor-element-populated\">\n\t\t\t\t\t\t<div class=\"elementor-element elementor-element-37f5e30e elementor-widget elementor-widget-image\" data-id=\"37f5e30e\" data-element_type=\"widget\" data-widget_type=\"image.default\">\n\t\t\t\t<div class=\"elementor-widget-container\">\n\t\t\t\t\t\t\t\t\t\t\t\t\t\t\t<img fetchpriority=\"high\" decoding=\"async\" width=\"500\" height=\"500\" src=\"https:\/\/mzbio.de\/wp-content\/uploads\/2023\/05\/kesa-full.png\" class=\"attachment-full size-full wp-image-298\" alt=\"\" srcset=\"https:\/\/mzbio.de\/wp-content\/uploads\/2023\/05\/kesa-full.png 500w, https:\/\/mzbio.de\/wp-content\/uploads\/2023\/05\/kesa-full-300x300.png 300w, https:\/\/mzbio.de\/wp-content\/uploads\/2023\/05\/kesa-full-150x150.png 150w\" sizes=\"(max-width: 500px) 100vw, 500px\" data-id=\"298\" \/>\t\t\t\t\t\t\t\t\t\t\t\t\t\t\t<\/div>\n\t\t\t\t<\/div>\n\t\t\t\t\t<\/div>\n\t\t<\/div>\n\t\t\t\t<div class=\"elementor-column elementor-col-33 elementor-inner-column elementor-element elementor-element-ee88506 cspt-bg-color-over-image\" data-id=\"ee88506\" data-element_type=\"column\">\n\t\t\t<div class=\"elementor-widget-wrap elementor-element-populated\">\n\t\t\t\t\t\t<div class=\"elementor-element elementor-element-719eaece elementor-widget elementor-widget-cspt_icon_heading\" data-id=\"719eaece\" data-element_type=\"widget\" data-widget_type=\"cspt_icon_heading.default\">\n\t\t\t\t<div class=\"elementor-widget-container\">\n\t\t\t\t\t<div  class=\"cspt-ihbox cspt-ihbox-style-1\" >\r\n\t<div class=\"cspt-ihbox-icon\"><div class=\"cspt-ihbox-icon-wrapper\"><i class=\"cspt-greenly-icon cspt-greenly-icon-leaf\"><\/i><\/div><\/div>\t<div class=\"cspt-ihbox-contents\">\r\n\t\t<h2 class=\"cspt-element-title\">\r\n\t\t\t\t\t\r\n\t\t\t\t\t\tLess pollution\r\n\t\t\t\t\t\r\n\t\t\t\t\t<\/h2>\r\n\t\t\t\t\t\t\t\t\t\t\t<\/div><!-- .cspt-ihbox-contents -->\r\n<\/div>\r\n\t\t\t\t<\/div>\n\t\t\t\t<\/div>\n\t\t\t\t<div class=\"elementor-element elementor-element-68239622 elementor-widget elementor-widget-cspt_icon_heading\" data-id=\"68239622\" data-element_type=\"widget\" data-widget_type=\"cspt_icon_heading.default\">\n\t\t\t\t<div class=\"elementor-widget-container\">\n\t\t\t\t\t<div  class=\"cspt-ihbox cspt-ihbox-style-1\" >\r\n\t<div class=\"cspt-ihbox-icon\"><div class=\"cspt-ihbox-icon-wrapper\"><i class=\"cspt-greenly-icon cspt-greenly-icon-planet-earth\"><\/i><\/div><\/div>\t<div class=\"cspt-ihbox-contents\">\r\n\t\t<h2 class=\"cspt-element-title\">\r\n\t\t\t\t\t\r\n\t\t\t\t\t\tEnvironmental benefits\r\n\t\t\t\t\t\r\n\t\t\t\t\t<\/h2>\r\n\t\t\t\t\t\t\t\t\t\t\t<\/div><!-- .cspt-ihbox-contents -->\r\n<\/div>\r\n\t\t\t\t<\/div>\n\t\t\t\t<\/div>\n\t\t\t\t\t<\/div>\n\t\t<\/div>\n\t\t\t\t\t<\/div>\n\t\t<\/section>\n\t\t\t\t\t<\/div>\n\t\t<\/div>\n\t\t\t\t\t<\/div>\n\t\t<\/section>\n\t\t\t\t<section class=\"elementor-section elementor-top-section elementor-element elementor-element-1c80282 cspt-col-stretched-none cspt-bg-color-over-image elementor-section-boxed elementor-section-height-default elementor-section-height-default\" data-id=\"1c80282\" data-element_type=\"section\">\n\t\t\t\t\t\t<div class=\"elementor-container elementor-column-gap-default\">\n\t\t\t\t\t<div class=\"elementor-column elementor-col-100 elementor-top-column elementor-element elementor-element-7d1a408 cspt-bg-color-over-image\" data-id=\"7d1a408\" data-element_type=\"column\">\n\t\t\t<div class=\"elementor-widget-wrap elementor-element-populated\">\n\t\t\t\t\t\t<div class=\"elementor-element elementor-element-2b43229 elementor-widget elementor-widget-accordion\" data-id=\"2b43229\" data-element_type=\"widget\" data-widget_type=\"accordion.default\">\n\t\t\t\t<div class=\"elementor-widget-container\">\n\t\t\t\t\t\t\t<div class=\"elementor-accordion\">\n\t\t\t\t\t\t\t<div class=\"elementor-accordion-item\">\n\t\t\t\t\t<div id=\"elementor-tab-title-4531\" class=\"elementor-tab-title\" data-tab=\"1\" role=\"button\" aria-controls=\"elementor-tab-content-4531\" aria-expanded=\"false\">\n\t\t\t\t\t\t\t\t\t\t\t\t\t<span class=\"elementor-accordion-icon elementor-accordion-icon-right\" aria-hidden=\"true\">\n\t\t\t\t\t\t\t\t\t\t\t\t\t\t\t<span class=\"elementor-accordion-icon-closed\"><i class=\"fas fa-plus\"><\/i><\/span>\n\t\t\t\t\t\t\t\t<span class=\"elementor-accordion-icon-opened\"><i class=\"fas fa-minus\"><\/i><\/span>\n\t\t\t\t\t\t\t\t\t\t\t\t\t\t<\/span>\n\t\t\t\t\t\t\t\t\t\t\t\t<a class=\"elementor-accordion-title\" tabindex=\"0\">Environmental benefits<\/a>\n\t\t\t\t\t<\/div>\n\t\t\t\t\t<div id=\"elementor-tab-content-4531\" class=\"elementor-tab-content elementor-clearfix\" data-tab=\"1\" role=\"region\" aria-labelledby=\"elementor-tab-title-4531\"><p>Biodegradable bags are made from materials that can break down naturally in the environment, reducing the amount of waste that ends up in landfills and oceans. This helps reduce the negative environmental impact caused by traditional plastic bags.<\/p><\/div>\n\t\t\t\t<\/div>\n\t\t\t\t\t\t\t<div class=\"elementor-accordion-item\">\n\t\t\t\t\t<div id=\"elementor-tab-title-4532\" class=\"elementor-tab-title\" data-tab=\"2\" role=\"button\" aria-controls=\"elementor-tab-content-4532\" aria-expanded=\"false\">\n\t\t\t\t\t\t\t\t\t\t\t\t\t<span class=\"elementor-accordion-icon elementor-accordion-icon-right\" aria-hidden=\"true\">\n\t\t\t\t\t\t\t\t\t\t\t\t\t\t\t<span class=\"elementor-accordion-icon-closed\"><i class=\"fas fa-plus\"><\/i><\/span>\n\t\t\t\t\t\t\t\t<span class=\"elementor-accordion-icon-opened\"><i class=\"fas fa-minus\"><\/i><\/span>\n\t\t\t\t\t\t\t\t\t\t\t\t\t\t<\/span>\n\t\t\t\t\t\t\t\t\t\t\t\t<a class=\"elementor-accordion-title\" tabindex=\"0\">Less pollution<\/a>\n\t\t\t\t\t<\/div>\n\t\t\t\t\t<div id=\"elementor-tab-content-4532\" class=\"elementor-tab-content elementor-clearfix\" data-tab=\"2\" role=\"region\" aria-labelledby=\"elementor-tab-title-4532\"><p>Biodegradable bags break down into natural materials, reducing pollution from traditional plastic bags, which can take hundreds of years to decompose.<\/p><\/div>\n\t\t\t\t<\/div>\n\t\t\t\t\t\t\t<div class=\"elementor-accordion-item\">\n\t\t\t\t\t<div id=\"elementor-tab-title-4533\" class=\"elementor-tab-title\" data-tab=\"3\" role=\"button\" aria-controls=\"elementor-tab-content-4533\" aria-expanded=\"false\">\n\t\t\t\t\t\t\t\t\t\t\t\t\t<span class=\"elementor-accordion-icon elementor-accordion-icon-right\" aria-hidden=\"true\">\n\t\t\t\t\t\t\t\t\t\t\t\t\t\t\t<span class=\"elementor-accordion-icon-closed\"><i class=\"fas fa-plus\"><\/i><\/span>\n\t\t\t\t\t\t\t\t<span class=\"elementor-accordion-icon-opened\"><i class=\"fas fa-minus\"><\/i><\/span>\n\t\t\t\t\t\t\t\t\t\t\t\t\t\t<\/span>\n\t\t\t\t\t\t\t\t\t\t\t\t<a class=\"elementor-accordion-title\" tabindex=\"0\">Low cost<\/a>\n\t\t\t\t\t<\/div>\n\t\t\t\t\t<div id=\"elementor-tab-content-4533\" class=\"elementor-tab-content elementor-clearfix\" data-tab=\"3\" role=\"region\" aria-labelledby=\"elementor-tab-title-4533\"><p>Biodegradable bags are becoming more cost effective as production methods improve and demand increases. They can also reduce costs associated with waste management and disposal as they can be composted or recycled.<\/p><\/div>\n\t\t\t\t<\/div>\n\t\t\t\t\t\t\t<div class=\"elementor-accordion-item\">\n\t\t\t\t\t<div id=\"elementor-tab-title-4534\" class=\"elementor-tab-title\" data-tab=\"4\" role=\"button\" aria-controls=\"elementor-tab-content-4534\" aria-expanded=\"false\">\n\t\t\t\t\t\t\t\t\t\t\t\t\t<span class=\"elementor-accordion-icon elementor-accordion-icon-right\" aria-hidden=\"true\">\n\t\t\t\t\t\t\t\t\t\t\t\t\t\t\t<span class=\"elementor-accordion-icon-closed\"><i class=\"fas fa-plus\"><\/i><\/span>\n\t\t\t\t\t\t\t\t<span class=\"elementor-accordion-icon-opened\"><i class=\"fas fa-minus\"><\/i><\/span>\n\t\t\t\t\t\t\t\t\t\t\t\t\t\t<\/span>\n\t\t\t\t\t\t\t\t\t\t\t\t<a class=\"elementor-accordion-title\" tabindex=\"0\">Health benefits<\/a>\n\t\t\t\t\t<\/div>\n\t\t\t\t\t<div id=\"elementor-tab-content-4534\" class=\"elementor-tab-content elementor-clearfix\" data-tab=\"4\" role=\"region\" aria-labelledby=\"elementor-tab-title-4534\"><p>Traditional plastic bags can release harmful chemicals into the environment that can have negative effects on human health. Biodegradable bags are made from natural materials that do not pose the same risks.<\/p><\/div>\n\t\t\t\t<\/div>\n\t\t\t\t\t\t\t<div class=\"elementor-accordion-item\">\n\t\t\t\t\t<div id=\"elementor-tab-title-4535\" class=\"elementor-tab-title\" data-tab=\"5\" role=\"button\" aria-controls=\"elementor-tab-content-4535\" aria-expanded=\"false\">\n\t\t\t\t\t\t\t\t\t\t\t\t\t<span class=\"elementor-accordion-icon elementor-accordion-icon-right\" aria-hidden=\"true\">\n\t\t\t\t\t\t\t\t\t\t\t\t\t\t\t<span class=\"elementor-accordion-icon-closed\"><i class=\"fas fa-plus\"><\/i><\/span>\n\t\t\t\t\t\t\t\t<span class=\"elementor-accordion-icon-opened\"><i class=\"fas fa-minus\"><\/i><\/span>\n\t\t\t\t\t\t\t\t\t\t\t\t\t\t<\/span>\n\t\t\t\t\t\t\t\t\t\t\t\t<a class=\"elementor-accordion-title\" tabindex=\"0\">Enhanced brand image<\/a>\n\t\t\t\t\t<\/div>\n\t\t\t\t\t<div id=\"elementor-tab-content-4535\" class=\"elementor-tab-content elementor-clearfix\" data-tab=\"5\" role=\"region\" aria-labelledby=\"elementor-tab-title-4535\"><p>Using biodegradable bags can enhance the brand image of companies and organizations as it demonstrates a commitment to environmental sustainability and responsible waste management.<\/p><\/div>\n\t\t\t\t<\/div>\n\t\t\t\t\t\t\t\t<\/div>\n\t\t\t\t\t\t<\/div>\n\t\t\t\t<\/div>\n\t\t\t\t\t<\/div>\n\t\t<\/div>\n\t\t\t\t\t<\/div>\n\t\t<\/section>\n\t\t\t\t<section class=\"elementor-section elementor-top-section elementor-element elementor-element-4d49dba elementor-section-full_width elementor-section-stretched cspt-col-stretched-none cspt-bg-color-over-image elementor-section-height-default elementor-section-height-default\" data-id=\"4d49dba\" data-element_type=\"section\" data-settings=\"{&quot;stretch_section&quot;:&quot;section-stretched&quot;}\">\n\t\t\t\t\t\t<div class=\"elementor-container elementor-column-gap-no\">\n\t\t\t\t\t<div class=\"elementor-column elementor-col-100 elementor-top-column elementor-element elementor-element-4bc310f cspt-bg-color-over-image\" data-id=\"4bc310f\" data-element_type=\"column\">\n\t\t\t<div class=\"elementor-widget-wrap elementor-element-populated\">\n\t\t\t\t\t\t<div class=\"elementor-element elementor-element-3014566 cspt-marquestyle-01 elementor-icon-list--layout-traditional elementor-list-item-link-full_width elementor-widget elementor-widget-icon-list\" data-id=\"3014566\" data-element_type=\"widget\" data-widget_type=\"icon-list.default\">\n\t\t\t\t<div class=\"elementor-widget-container\">\n\t\t\t\t\t\t\t<ul class=\"elementor-icon-list-items\">\n\t\t\t\t\t\t\t<li class=\"elementor-icon-list-item\">\n\t\t\t\t\t\t\t\t\t\t<span class=\"elementor-icon-list-text\">MZ Bio GmBH<\/span>\n\t\t\t\t\t\t\t\t\t<\/li>\n\t\t\t\t\t\t\t\t<li class=\"elementor-icon-list-item\">\n\t\t\t\t\t\t\t\t\t\t<span class=\"elementor-icon-list-text\">MZ Bio GmBH<\/span>\n\t\t\t\t\t\t\t\t\t<\/li>\n\t\t\t\t\t\t\t\t<li class=\"elementor-icon-list-item\">\n\t\t\t\t\t\t\t\t\t\t<span class=\"elementor-icon-list-text\">MZ Bio GmBH<\/span>\n\t\t\t\t\t\t\t\t\t<\/li>\n\t\t\t\t\t\t\t\t<li class=\"elementor-icon-list-item\">\n\t\t\t\t\t\t\t\t\t\t<span class=\"elementor-icon-list-text\">MZ Bio GmBH<\/span>\n\t\t\t\t\t\t\t\t\t<\/li>\n\t\t\t\t\t\t\t\t<li class=\"elementor-icon-list-item\">\n\t\t\t\t\t\t\t\t\t\t<span class=\"elementor-icon-list-text\">MZ Bio GmBH<\/span>\n\t\t\t\t\t\t\t\t\t<\/li>\n\t\t\t\t\t\t<\/ul>\n\t\t\t\t\t\t<\/div>\n\t\t\t\t<\/div>\n\t\t\t\t<div class=\"elementor-element elementor-element-e5fe373 cspt-marquestyle-02 elementor-icon-list--layout-traditional elementor-list-item-link-full_width elementor-widget elementor-widget-icon-list\" data-id=\"e5fe373\" data-element_type=\"widget\" data-widget_type=\"icon-list.default\">\n\t\t\t\t<div class=\"elementor-widget-container\">\n\t\t\t\t\t\t\t<ul class=\"elementor-icon-list-items\">\n\t\t\t\t\t\t\t<li class=\"elementor-icon-list-item\">\n\t\t\t\t\t\t\t\t\t\t<span class=\"elementor-icon-list-text\">Environmental benefits<\/span>\n\t\t\t\t\t\t\t\t\t<\/li>\n\t\t\t\t\t\t\t\t<li class=\"elementor-icon-list-item\">\n\t\t\t\t\t\t\t\t\t\t<span class=\"elementor-icon-list-text\">Less pollution<\/span>\n\t\t\t\t\t\t\t\t\t<\/li>\n\t\t\t\t\t\t\t\t<li class=\"elementor-icon-list-item\">\n\t\t\t\t\t\t\t\t\t\t<span class=\"elementor-icon-list-text\">Low cost<\/span>\n\t\t\t\t\t\t\t\t\t<\/li>\n\t\t\t\t\t\t\t\t<li class=\"elementor-icon-list-item\">\n\t\t\t\t\t\t\t\t\t\t<span class=\"elementor-icon-list-text\">Health benefits<\/span>\n\t\t\t\t\t\t\t\t\t<\/li>\n\t\t\t\t\t\t\t\t<li class=\"elementor-icon-list-item\">\n\t\t\t\t\t\t\t\t\t\t<span class=\"elementor-icon-list-text\">Enhanced brand image<\/span>\n\t\t\t\t\t\t\t\t\t<\/li>\n\t\t\t\t\t\t<\/ul>\n\t\t\t\t\t\t<\/div>\n\t\t\t\t<\/div>\n\t\t\t\t\t<\/div>\n\t\t<\/div>\n\t\t\t\t\t<\/div>\n\t\t<\/section>\n\t\t\t\t<\/div>","protected":false},"excerpt":{"rendered":"<p>\u00dcBER UNS Wir sind MZ Bio GmbH Wir (MZ Bio GmbH) sind ein wachsendes, aufstrebendes und innovatives Jungunternehmen mit dem Fokus auf Bio-Produkte. Unser vielf\u00e4ltiges Sortiment findet in der Gastronomie, im Lebensmittelhandel, in Gemeinden und in der Industrie Anklang. Wir legen gro\u00dfen Wert auf Nachhaltigkeit und nutzen deswegen ausschlie\u00dflich Bio-Produkte aus Maisst\u00e4rke. adurch sind unsere Produkte biologisch abbaubar und kompostierbar und dies garantiert. Stetig arbeiten wir daran neue biologisch recycelbare[&hellip;]<\/p>","protected":false},"author":1,"featured_media":0,"parent":0,"menu_order":5,"comment_status":"closed","ping_status":"closed","template":"","meta":{"_acf_changed":false,"footnotes":""},"class_list":["post-78","page","type-page","status-publish","hentry"],"acf":[],"_links":{"self":[{"href":"https:\/\/mzbio.de\/en\/wp-json\/wp\/v2\/pages\/78","targetHints":{"allow":["GET"]}}],"collection":[{"href":"https:\/\/mzbio.de\/en\/wp-json\/wp\/v2\/pages"}],"about":[{"href":"https:\/\/mzbio.de\/en\/wp-json\/wp\/v2\/types\/page"}],"author":[{"embeddable":true,"href":"https:\/\/mzbio.de\/en\/wp-json\/wp\/v2\/users\/1"}],"replies":[{"embeddable":true,"href":"https:\/\/mzbio.de\/en\/wp-json\/wp\/v2\/comments?post=78"}],"version-history":[{"count":79,"href":"https:\/\/mzbio.de\/en\/wp-json\/wp\/v2\/pages\/78\/revisions"}],"predecessor-version":[{"id":3261,"href":"https:\/\/mzbio.de\/en\/wp-json\/wp\/v2\/pages\/78\/revisions\/3261"}],"wp:attachment":[{"href":"https:\/\/mzbio.de\/en\/wp-json\/wp\/v2\/media?parent=78"}],"curies":[{"name":"wp","href":"https:\/\/api.w.org\/{rel}","templated":true}]}}