{"id":72,"date":"2022-04-05T09:23:17","date_gmt":"2022-04-05T09:23:17","guid":{"rendered":"https:\/\/greenly-demo.pbminfotech.com\/elementor-datasite\/?page_id=26158"},"modified":"2023-05-11T17:40:16","modified_gmt":"2023-05-11T17:40:16","slug":"abfallgesetz-2021","status":"publish","type":"page","link":"https:\/\/mzbio.de\/en\/abfallgesetz-2021\/","title":{"rendered":"Waste law 2021"},"content":{"rendered":"<div data-elementor-type=\"wp-page\" data-elementor-id=\"72\" class=\"elementor elementor-72\">\n\t\t\t\t\t\t<section class=\"elementor-section elementor-top-section elementor-element elementor-element-7f0302b0 cspt-bg-color-yes cspt-elementor-bg-color-white cspt-col-stretched-none cspt-bg-color-over-image elementor-section-boxed elementor-section-height-default elementor-section-height-default\" data-id=\"7f0302b0\" data-element_type=\"section\">\n\t\t\t\t\t\t<div class=\"elementor-container elementor-column-gap-no\">\n\t\t\t\t\t<div class=\"elementor-column elementor-col-100 elementor-top-column elementor-element elementor-element-161808d8 cspt-bg-color-over-image\" data-id=\"161808d8\" data-element_type=\"column\">\n\t\t\t<div class=\"elementor-widget-wrap elementor-element-populated\">\n\t\t\t\t\t\t<section class=\"elementor-section elementor-inner-section elementor-element elementor-element-15cf967c cspt-col-stretched-none cspt-bg-color-over-image elementor-section-boxed elementor-section-height-default elementor-section-height-default\" data-id=\"15cf967c\" data-element_type=\"section\">\n\t\t\t\t\t\t<div class=\"elementor-container elementor-column-gap-default\">\n\t\t\t\t\t<div class=\"elementor-column elementor-col-100 elementor-inner-column elementor-element elementor-element-145d8bd3 cspt-bg-color-over-image\" data-id=\"145d8bd3\" data-element_type=\"column\">\n\t\t\t<div class=\"elementor-widget-wrap elementor-element-populated\">\n\t\t\t\t\t\t<div class=\"elementor-element elementor-element-5d81ec8 cspt-align-center elementor-widget elementor-widget-cspt_heading\" data-id=\"5d81ec8\" data-element_type=\"widget\" data-widget_type=\"cspt_heading.default\">\n\t\t\t\t<div class=\"elementor-widget-container\">\n\t\t\t\t\t\t<div class=\"cspt-heading-subheading center-align cspt-reverse-heading-yes\"><h4 class=\"cspt-element-subtitle\">\r\n\t\t\t\r\n\t\t\t\tMZ Bio GmbH\r\n\t\t\t\r\n\t\t\t<\/h4>\r\n\t\t<h2 class=\"cspt-element-title\">\r\n\t\t\t\r\n\t\t\t\tWaste law 2021\n\r\n\t\t\t\r\n\t\t\t<\/h2>\r\n\t\t<\/div>\t\t\t\t<\/div>\n\t\t\t\t<\/div>\n\t\t\t\t<div class=\"elementor-element elementor-element-69836d3 elementor-hidden-mobile elementor-widget elementor-widget-cspt_icon_heading\" data-id=\"69836d3\" data-element_type=\"widget\" data-widget_type=\"cspt_icon_heading.default\">\n\t\t\t\t<div class=\"elementor-widget-container\">\n\t\t\t\t\t<div  class=\"cspt-ihbox cspt-ihbox-style-4\" >\r\n\t<div class=\"cspt-ihbox-contents\">\r\n\t\t<div class=\"cspt-ihbox-headingicon d-flex\">\r\n\t\t\t<div class=\"cspt-ihbox-icon\"><div class=\"cspt-ihbox-icon-wrapper\"><i class=\"fab fa-readme\"><\/i><\/div><\/div>\t\t\t<div class=\"cspt-ihbox-contents\">\r\n\t\t\t\t<h2 class=\"cspt-element-title\">\r\n\t\t\t\t\t\r\n\t\t\t\t\t\tWaste law 2021\n\r\n\t\t\t\t\t\r\n\t\t\t\t\t<\/h2>\r\n\t\t\t\t\t\t\t\t\t\t\t\t<div class=\"cspt-heading-desc\">New waste legislation in the form of new laws and implementing ordinances came into force in January 2021. Federal regulations on waste disposal that are relevant to practice also continue to develop dynamically. In 2022, the waste management industry will again be faced with a number of new regulations. To understand what applies at national and municipal level, a basic understanding of the European strategy is helpful: in 2019, the European Commission presented the so-called \"Green Deal\", which aims to achieve climate neutrality by 2050. At the heart of the Green Deal is an action plan for the circular economy. This aims to minimize the EU's material footprint and emissions, as well as to use significantly more secondary materials and thus conserve resources.<br><br>\nAmong other things, only reusable or recyclable packaging is to be produced by 2030 and a new legal framework for biodegradable and bio-based plastics is to be established. The Packaging Act, which has been adapted to the EU Waste Framework Directive and the Single-Use Plastics Directive, has already been in force since July 2021. The innovations contained therein are intended to serve waste prevention as well as recycling and will come into force in stages over the next few years.\n\n<\/div>\t\t\t\t\t\t\t<\/div><!-- .cspt-ihbox-contents -->\r\n\t\t<\/div>\r\n\t<\/div>\r\n<\/div>\r\n\r\n\t\t\t\t<\/div>\n\t\t\t\t<\/div>\n\t\t\t\t<div class=\"elementor-element elementor-element-ffbe76a elementor-hidden-desktop elementor-hidden-tablet elementor-widget elementor-widget-text-editor\" data-id=\"ffbe76a\" data-element_type=\"widget\" data-widget_type=\"text-editor.default\">\n\t\t\t\t<div class=\"elementor-widget-container\">\n\t\t\t\t\t\t\t\t\tNew waste legislation in the form of new laws and implementing ordinances came into force in January 2021. Federal regulations on waste disposal that are relevant to practice also continue to develop dynamically. In 2022, the waste management industry will again be faced with a number of new regulations. To understand what applies at national and municipal level, a basic understanding of the European strategy is helpful: in 2019, the European Commission presented the so-called \"Green Deal\", which aims to achieve climate neutrality by 2050. At the heart of the Green Deal is an action plan for the circular economy. This aims to minimize the EU's material footprint and emissions, as well as to use significantly more secondary materials and thus conserve resources.<br><br>\nAmong other things, only reusable or recyclable packaging is to be produced by 2030 and a new legal framework for biodegradable and bio-based plastics is to be established. The Packaging Act, which has been adapted to the EU Waste Framework Directive and the Single-Use Plastics Directive, has already been in force since July 2021. The innovations contained therein are intended to serve waste prevention as well as recycling and will come into force in stages over the next few years.\n\n\t\t\t\t\t\t\t\t<\/div>\n\t\t\t\t<\/div>\n\t\t\t\t\t<\/div>\n\t\t<\/div>\n\t\t\t\t\t<\/div>\n\t\t<\/section>\n\t\t\t\t\t<\/div>\n\t\t<\/div>\n\t\t\t\t\t<\/div>\n\t\t<\/section>\n\t\t\t\t<section class=\"elementor-section elementor-top-section elementor-element elementor-element-484d4be4 cspt-col-stretched-left elementor-section-stretched cspt-bg-color-over-image elementor-section-boxed elementor-section-height-default elementor-section-height-default\" data-id=\"484d4be4\" data-element_type=\"section\" data-settings=\"{&quot;stretch_section&quot;:&quot;section-stretched&quot;,&quot;background_background&quot;:&quot;classic&quot;}\">\n\t\t\t\t\t\t<div class=\"elementor-container elementor-column-gap-default\">\n\t\t\t\t\t<div class=\"elementor-column elementor-col-66 elementor-top-column elementor-element elementor-element-a9a7554 cspt-bg-color-over-image\" data-id=\"a9a7554\" data-element_type=\"column\" data-settings=\"{&quot;background_background&quot;:&quot;classic&quot;}\">\n\t\t\t<div class=\"elementor-widget-wrap elementor-element-populated\">\n\t\t\t\t\t\t<div class=\"elementor-element elementor-element-73a21555 elementor-widget elementor-widget-spacer\" data-id=\"73a21555\" data-element_type=\"widget\" data-widget_type=\"spacer.default\">\n\t\t\t\t<div class=\"elementor-widget-container\">\n\t\t\t\t\t\t\t<div class=\"elementor-spacer\">\n\t\t\t<div class=\"elementor-spacer-inner\"><\/div>\n\t\t<\/div>\n\t\t\t\t\t\t<\/div>\n\t\t\t\t<\/div>\n\t\t\t\t\t<\/div>\n\t\t<\/div>\n\t\t\t\t<div class=\"elementor-column elementor-col-33 elementor-top-column elementor-element elementor-element-79f1d83b cspt-bg-color-yes cspt-elementor-bg-color-globalcolor cspt-text-color-white cspt-bg-color-over-image\" data-id=\"79f1d83b\" data-element_type=\"column\" data-settings=\"{&quot;background_background&quot;:&quot;classic&quot;}\">\n\t\t\t<div class=\"elementor-widget-wrap elementor-element-populated\">\n\t\t\t\t\t\t<div class=\"elementor-element elementor-element-74bedf0d cspt-align-left elementor-widget elementor-widget-cspt_heading\" data-id=\"74bedf0d\" data-element_type=\"widget\" data-widget_type=\"cspt_heading.default\">\n\t\t\t\t<div class=\"elementor-widget-container\">\n\t\t\t\t\t\t<div class=\"cspt-heading-subheading left-align cspt-reverse-heading-yes\"><h4 class=\"cspt-element-subtitle\">\r\n\t\t\t\r\n\t\t\t\tWASTE LAW 2021\n\r\n\t\t\t\r\n\t\t\t<\/h4>\r\n\t\t<h2 class=\"cspt-element-title\">\r\n\t\t\t\r\n\t\t\t\tYEAR 2021 AND THE END OF SINGLE-USE PLASTICS\r\n\t\t\t\r\n\t\t\t<\/h2>\r\n\t\t<div class=\"cspt-heading-desc\">The restriction on the marketing of certain single-use plastic products applies across the EU and must be in place in every member state by July 03, 2021 at the latest. \"The ban on placing on the market is explicitly stated. This means that the sale of these products within the German Republic must be definitively ended by December 31, 2021, and only those purchased by someone in the German Republic by July 3, 2021.<\/div><\/div>\t\t\t\t<\/div>\n\t\t\t\t<\/div>\n\t\t\t\t\t<\/div>\n\t\t<\/div>\n\t\t\t\t\t<\/div>\n\t\t<\/section>\n\t\t\t\t<section class=\"elementor-section elementor-top-section elementor-element elementor-element-d119dc9 cspt-col-stretched-none cspt-bg-color-over-image elementor-section-boxed elementor-section-height-default elementor-section-height-default\" data-id=\"d119dc9\" data-element_type=\"section\">\n\t\t\t\t\t\t<div class=\"elementor-container elementor-column-gap-default\">\n\t\t\t\t\t<div class=\"elementor-column elementor-col-100 elementor-top-column elementor-element elementor-element-6f043ca cspt-bg-color-over-image\" data-id=\"6f043ca\" data-element_type=\"column\">\n\t\t\t<div class=\"elementor-widget-wrap elementor-element-populated\">\n\t\t\t\t\t\t<div class=\"elementor-element elementor-element-4fa7dc6 elementor-widget elementor-widget-spacer\" data-id=\"4fa7dc6\" data-element_type=\"widget\" data-widget_type=\"spacer.default\">\n\t\t\t\t<div class=\"elementor-widget-container\">\n\t\t\t\t\t\t\t<div class=\"elementor-spacer\">\n\t\t\t<div class=\"elementor-spacer-inner\"><\/div>\n\t\t<\/div>\n\t\t\t\t\t\t<\/div>\n\t\t\t\t<\/div>\n\t\t\t\t\t<\/div>\n\t\t<\/div>\n\t\t\t\t\t<\/div>\n\t\t<\/section>\n\t\t\t\t<section class=\"elementor-section elementor-top-section elementor-element elementor-element-662762b cspt-col-stretched-none cspt-bg-color-over-image elementor-section-boxed elementor-section-height-default elementor-section-height-default\" data-id=\"662762b\" data-element_type=\"section\">\n\t\t\t\t\t\t<div class=\"elementor-container elementor-column-gap-no\">\n\t\t\t\t\t<div class=\"elementor-column elementor-col-100 elementor-top-column elementor-element elementor-element-e9848c3 cspt-bg-color-over-image\" data-id=\"e9848c3\" data-element_type=\"column\">\n\t\t\t<div class=\"elementor-widget-wrap\">\n\t\t\t\t\t\t\t<\/div>\n\t\t<\/div>\n\t\t\t\t\t<\/div>\n\t\t<\/section>\n\t\t\t\t<\/div>","protected":false},"excerpt":{"rendered":"<p>MZ Bio GmbH Abfallgesetz 2021 Abfallgesetz 2021 Im Januar 2021 trat ein neues Abfallrecht in Form von neuen Gesetzen und Durchf\u00fchrungsverordnungen in Kraft. Auch bundesrechtliche, praxisrelevante Vorschriften zur Abfallentsorgung entwickeln sich dynamisch weiter. 2022 kommen wieder einige neue Regelungen auf die Abfallwirtschaft zu. Um nachzuvollziehen, was auf nationaler und kommunaler Ebene gilt, ist ein grundlegendes Verst\u00e4ndnis f\u00fcr die europ\u00e4ische Strategie hilfreich: 2019 stellte die Europ\u00e4ische Kommission den sogenannten \u201eGreen Deal\u201c[&hellip;]<\/p>","protected":false},"author":1,"featured_media":0,"parent":0,"menu_order":10,"comment_status":"closed","ping_status":"closed","template":"","meta":{"_acf_changed":false,"footnotes":""},"class_list":["post-72","page","type-page","status-publish","hentry"],"acf":[],"_links":{"self":[{"href":"https:\/\/mzbio.de\/en\/wp-json\/wp\/v2\/pages\/72","targetHints":{"allow":["GET"]}}],"collection":[{"href":"https:\/\/mzbio.de\/en\/wp-json\/wp\/v2\/pages"}],"about":[{"href":"https:\/\/mzbio.de\/en\/wp-json\/wp\/v2\/types\/page"}],"author":[{"embeddable":true,"href":"https:\/\/mzbio.de\/en\/wp-json\/wp\/v2\/users\/1"}],"replies":[{"embeddable":true,"href":"https:\/\/mzbio.de\/en\/wp-json\/wp\/v2\/comments?post=72"}],"version-history":[{"count":13,"href":"https:\/\/mzbio.de\/en\/wp-json\/wp\/v2\/pages\/72\/revisions"}],"predecessor-version":[{"id":2317,"href":"https:\/\/mzbio.de\/en\/wp-json\/wp\/v2\/pages\/72\/revisions\/2317"}],"wp:attachment":[{"href":"https:\/\/mzbio.de\/en\/wp-json\/wp\/v2\/media?parent=72"}],"curies":[{"name":"wp","href":"https:\/\/api.w.org\/{rel}","templated":true}]}}