{"id":2339,"date":"2023-05-17T22:51:53","date_gmt":"2023-05-17T22:51:53","guid":{"rendered":"https:\/\/mzbio.de\/?page_id=2339"},"modified":"2024-10-24T07:48:08","modified_gmt":"2024-10-24T07:48:08","slug":"impressum","status":"publish","type":"page","link":"https:\/\/mzbio.de\/en\/impressum\/","title":{"rendered":"Impressum"},"content":{"rendered":"<div data-elementor-type=\"wp-page\" data-elementor-id=\"2339\" class=\"elementor elementor-2339\">\n\t\t\t\t\t\t<section class=\"elementor-section elementor-top-section elementor-element elementor-element-72112ff cspt-col-stretched-none cspt-bg-color-over-image elementor-section-boxed elementor-section-height-default elementor-section-height-default\" data-id=\"72112ff\" data-element_type=\"section\">\n\t\t\t\t\t\t<div class=\"elementor-container elementor-column-gap-default\">\n\t\t\t\t\t<div class=\"elementor-column elementor-col-100 elementor-top-column elementor-element elementor-element-dfadbb4 cspt-bg-color-over-image\" data-id=\"dfadbb4\" data-element_type=\"column\">\n\t\t\t<div class=\"elementor-widget-wrap elementor-element-populated\">\n\t\t\t\t\t\t<div class=\"elementor-element elementor-element-c7dd4c9 elementor-widget elementor-widget-spacer\" data-id=\"c7dd4c9\" data-element_type=\"widget\" data-widget_type=\"spacer.default\">\n\t\t\t\t<div class=\"elementor-widget-container\">\n\t\t\t\t\t\t\t<div class=\"elementor-spacer\">\n\t\t\t<div class=\"elementor-spacer-inner\"><\/div>\n\t\t<\/div>\n\t\t\t\t\t\t<\/div>\n\t\t\t\t<\/div>\n\t\t\t\t<div class=\"elementor-element elementor-element-be0e2c9 cspt-align-center elementor-widget elementor-widget-cspt_heading\" data-id=\"be0e2c9\" data-element_type=\"widget\" data-widget_type=\"cspt_heading.default\">\n\t\t\t\t<div class=\"elementor-widget-container\">\n\t\t\t\t\t\t<div class=\"cspt-heading-subheading center-align cspt-reverse-heading-yes\"><h4 class=\"cspt-element-subtitle\">\r\n\t\t\t\r\n\t\t\t\tImpressum\r\n\t\t\t\r\n\t\t\t<\/h4>\r\n\t\t<h2 class=\"cspt-element-title\">\r\n\t\t\t\r\n\t\t\t\tImpressum\r\n\t\t\t\r\n\t\t\t<\/h2>\r\n\t\t<div class=\"cspt-heading-desc\">Impressum f\u00fcr Mz Bio GmbH<\/div><\/div>\t\t\t\t<\/div>\n\t\t\t\t<\/div>\n\t\t\t\t\t<\/div>\n\t\t<\/div>\n\t\t\t\t\t<\/div>\n\t\t<\/section>\n\t\t\t\t<section class=\"elementor-section elementor-top-section elementor-element elementor-element-61605ab cspt-col-stretched-none cspt-bg-color-over-image elementor-section-boxed elementor-section-height-default elementor-section-height-default\" data-id=\"61605ab\" data-element_type=\"section\">\n\t\t\t\t\t\t<div class=\"elementor-container elementor-column-gap-default\">\n\t\t\t\t\t<div class=\"elementor-column elementor-col-20 elementor-top-column elementor-element elementor-element-4ea16f8 cspt-bg-color-over-image\" data-id=\"4ea16f8\" data-element_type=\"column\">\n\t\t\t<div class=\"elementor-widget-wrap elementor-element-populated\">\n\t\t\t\t\t\t<div class=\"elementor-element elementor-element-55107167 elementor-widget elementor-widget-cspt_icon_heading\" data-id=\"55107167\" data-element_type=\"widget\" data-widget_type=\"cspt_icon_heading.default\">\n\t\t\t\t<div class=\"elementor-widget-container\">\n\t\t\t\t\t\r\n<div  class=\"cspt-ihbox cspt-ihbox-style-10\" >\r\n\r\n\t<div class=\"cspt-ihbox-main-wraper\">\r\n\t\t<div class=\"cspt-ihbox-headingicon d-flex justify-content-between align-items-center\">\r\n\t\t\t<div class=\"cspt-number-wraper\">\r\n\t\t\t\t\t\t\t\t<div class=\"cspt-ihbox-icon\"><div class=\"cspt-ihbox-icon-wrapper\"><i class=\"\"><\/i><\/div><\/div>\t\t\t<\/div>\r\n\t\t<\/div>\r\n\t\t<div class=\"cspt-ihbox-contents\">\r\n\t\t\t<h2 class=\"cspt-element-title\">\r\n\t\t\t\t\t\r\n\t\t\t\t\t\tMZ Bio GmbH\r\n\t\t\t\t\t\r\n\t\t\t\t\t<\/h2>\r\n\t\t\t\t\t\t\t\t\t\t<div class=\"cspt-heading-desc\">Kiefernweg 3<br>\n65428 R\u00fcsselsheim am Main\n<\/div>\t\t\t\t\t<\/div><!-- .cspt-ihbox-contents -->\r\n\t<\/div>\r\n<\/div>\r\n\r\n\r\n\t\t\t\t<\/div>\n\t\t\t\t<\/div>\n\t\t\t\t\t<\/div>\n\t\t<\/div>\n\t\t\t\t<div class=\"elementor-column elementor-col-20 elementor-top-column elementor-element elementor-element-b1057cc cspt-bg-color-over-image\" data-id=\"b1057cc\" data-element_type=\"column\">\n\t\t\t<div class=\"elementor-widget-wrap elementor-element-populated\">\n\t\t\t\t\t\t<div class=\"elementor-element elementor-element-3376ad32 elementor-widget elementor-widget-cspt_icon_heading\" data-id=\"3376ad32\" data-element_type=\"widget\" data-widget_type=\"cspt_icon_heading.default\">\n\t\t\t\t<div class=\"elementor-widget-container\">\n\t\t\t\t\t\r\n<div  class=\"cspt-ihbox cspt-ihbox-style-10\" >\r\n\r\n\t<div class=\"cspt-ihbox-main-wraper\">\r\n\t\t<div class=\"cspt-ihbox-headingicon d-flex justify-content-between align-items-center\">\r\n\t\t\t<div class=\"cspt-number-wraper\">\r\n\t\t\t\t\t\t\t\t<div class=\"cspt-ihbox-icon\"><div class=\"cspt-ihbox-icon-wrapper\"><i class=\"\"><\/i><\/div><\/div>\t\t\t<\/div>\r\n\t\t<\/div>\r\n\t\t<div class=\"cspt-ihbox-contents\">\r\n\t\t\t<h2 class=\"cspt-element-title\">\r\n\t\t\t\t\t\r\n\t\t\t\t\t\tManaging Director\r\n\t\t\t\t\t\r\n\t\t\t\t\t<\/h2>\r\n\t\t\t\t\t\t\t\t\t\t<div class=\"cspt-heading-desc\">David M\u00fcller <br>Nermin Zildzic<\/div>\t\t\t\t\t<\/div><!-- .cspt-ihbox-contents -->\r\n\t<\/div>\r\n<\/div>\r\n\r\n\r\n\t\t\t\t<\/div>\n\t\t\t\t<\/div>\n\t\t\t\t\t<\/div>\n\t\t<\/div>\n\t\t\t\t<div class=\"elementor-column elementor-col-20 elementor-top-column elementor-element elementor-element-27391cf cspt-bg-color-over-image\" data-id=\"27391cf\" data-element_type=\"column\">\n\t\t\t<div class=\"elementor-widget-wrap elementor-element-populated\">\n\t\t\t\t\t\t<div class=\"elementor-element elementor-element-33d76160 elementor-widget elementor-widget-cspt_icon_heading\" data-id=\"33d76160\" data-element_type=\"widget\" data-widget_type=\"cspt_icon_heading.default\">\n\t\t\t\t<div class=\"elementor-widget-container\">\n\t\t\t\t\t\r\n<div  class=\"cspt-ihbox cspt-ihbox-style-10\" >\r\n\r\n\t<div class=\"cspt-ihbox-main-wraper\">\r\n\t\t<div class=\"cspt-ihbox-headingicon d-flex justify-content-between align-items-center\">\r\n\t\t\t<div class=\"cspt-number-wraper\">\r\n\t\t\t\t\t\t\t\t<div class=\"cspt-ihbox-icon\"><div class=\"cspt-ihbox-icon-wrapper\"><i class=\"\"><\/i><\/div><\/div>\t\t\t<\/div>\r\n\t\t<\/div>\r\n\t\t<div class=\"cspt-ihbox-contents\">\r\n\t\t\t<h2 class=\"cspt-element-title\">\r\n\t\t\t\t\t\r\n\t\t\t\t\t\tContact\r\n\t\t\t\t\t\r\n\t\t\t\t\t<\/h2>\r\n\t\t\t\t\t\t\t\t\t\t<div class=\"cspt-heading-desc\">Telefon: +49 6142 7958575<br>\nE-Mail: info@mzbio.de\n<\/div>\t\t\t\t\t<\/div><!-- .cspt-ihbox-contents -->\r\n\t<\/div>\r\n<\/div>\r\n\r\n\r\n\t\t\t\t<\/div>\n\t\t\t\t<\/div>\n\t\t\t\t\t<\/div>\n\t\t<\/div>\n\t\t\t\t<div class=\"elementor-column elementor-col-20 elementor-top-column elementor-element elementor-element-98c10b2 cspt-bg-color-over-image\" data-id=\"98c10b2\" data-element_type=\"column\">\n\t\t\t<div class=\"elementor-widget-wrap elementor-element-populated\">\n\t\t\t\t\t\t<div class=\"elementor-element elementor-element-5eb96b54 elementor-widget elementor-widget-cspt_icon_heading\" data-id=\"5eb96b54\" data-element_type=\"widget\" data-widget_type=\"cspt_icon_heading.default\">\n\t\t\t\t<div class=\"elementor-widget-container\">\n\t\t\t\t\t\r\n<div  class=\"cspt-ihbox cspt-ihbox-style-10\" >\r\n\r\n\t<div class=\"cspt-ihbox-main-wraper\">\r\n\t\t<div class=\"cspt-ihbox-headingicon d-flex justify-content-between align-items-center\">\r\n\t\t\t<div class=\"cspt-number-wraper\">\r\n\t\t\t\t\t\t\t\t<div class=\"cspt-ihbox-icon\"><div class=\"cspt-ihbox-icon-wrapper\"><i class=\"\"><\/i><\/div><\/div>\t\t\t<\/div>\r\n\t\t<\/div>\r\n\t\t<div class=\"cspt-ihbox-contents\">\r\n\t\t\t<h2 class=\"cspt-element-title\">\r\n\t\t\t\t\t\r\n\t\t\t\t\t\tTAX ID\r\n\t\t\t\t\t\r\n\t\t\t\t\t<\/h2>\r\n\t\t\t\t\t\t\t\t\t\t<div class=\"cspt-heading-desc\">Ust.ID: DE360510742<br>\nSteuernummer 21 239 1088 0\n<\/div>\t\t\t\t\t<\/div><!-- .cspt-ihbox-contents -->\r\n\t<\/div>\r\n<\/div>\r\n\r\n\r\n\t\t\t\t<\/div>\n\t\t\t\t<\/div>\n\t\t\t\t\t<\/div>\n\t\t<\/div>\n\t\t\t\t<div class=\"elementor-column elementor-col-20 elementor-top-column elementor-element elementor-element-0697926 cspt-bg-color-over-image\" data-id=\"0697926\" data-element_type=\"column\">\n\t\t\t<div class=\"elementor-widget-wrap elementor-element-populated\">\n\t\t\t\t\t\t<div class=\"elementor-element elementor-element-734676f elementor-widget elementor-widget-cspt_icon_heading\" data-id=\"734676f\" data-element_type=\"widget\" data-widget_type=\"cspt_icon_heading.default\">\n\t\t\t\t<div class=\"elementor-widget-container\">\n\t\t\t\t\t\r\n<div  class=\"cspt-ihbox cspt-ihbox-style-10\" >\r\n\r\n\t<div class=\"cspt-ihbox-main-wraper\">\r\n\t\t<div class=\"cspt-ihbox-headingicon d-flex justify-content-between align-items-center\">\r\n\t\t\t<div class=\"cspt-number-wraper\">\r\n\t\t\t\t\t\t\t\t<div class=\"cspt-ihbox-icon\"><div class=\"cspt-ihbox-icon-wrapper\"><i class=\"\"><\/i><\/div><\/div>\t\t\t<\/div>\r\n\t\t<\/div>\r\n\t\t<div class=\"cspt-ihbox-contents\">\r\n\t\t\t<h2 class=\"cspt-element-title\">\r\n\t\t\t\t\t\r\n\t\t\t\t\t\tRegistergericht\r\n\t\t\t\t\t\r\n\t\t\t\t\t<\/h2>\r\n\t\t\t\t\t\t\t\t\t\t<div class=\"cspt-heading-desc\">Darmstadt <br>\n HRB-Nummer: 104773<\/div>\t\t\t\t\t<\/div><!-- .cspt-ihbox-contents -->\r\n\t<\/div>\r\n<\/div>\r\n\r\n\r\n\t\t\t\t<\/div>\n\t\t\t\t<\/div>\n\t\t\t\t\t<\/div>\n\t\t<\/div>\n\t\t\t\t\t<\/div>\n\t\t<\/section>\n\t\t\t\t<section class=\"elementor-section elementor-top-section elementor-element elementor-element-4623e4d cspt-col-stretched-none cspt-bg-color-over-image elementor-section-boxed elementor-section-height-default elementor-section-height-default\" data-id=\"4623e4d\" data-element_type=\"section\">\n\t\t\t\t\t\t<div class=\"elementor-container elementor-column-gap-default\">\n\t\t\t\t\t<div class=\"elementor-column elementor-col-100 elementor-top-column elementor-element elementor-element-758959d cspt-bg-color-over-image\" data-id=\"758959d\" data-element_type=\"column\">\n\t\t\t<div class=\"elementor-widget-wrap elementor-element-populated\">\n\t\t\t\t\t\t<div class=\"elementor-element elementor-element-4272737 elementor-widget elementor-widget-spacer\" data-id=\"4272737\" data-element_type=\"widget\" data-widget_type=\"spacer.default\">\n\t\t\t\t<div class=\"elementor-widget-container\">\n\t\t\t\t\t\t\t<div class=\"elementor-spacer\">\n\t\t\t<div class=\"elementor-spacer-inner\"><\/div>\n\t\t<\/div>\n\t\t\t\t\t\t<\/div>\n\t\t\t\t<\/div>\n\t\t\t\t\t<\/div>\n\t\t<\/div>\n\t\t\t\t\t<\/div>\n\t\t<\/section>\n\t\t\t\t<section class=\"elementor-section elementor-top-section elementor-element elementor-element-1b1bb35f cspt-col-stretched-none cspt-bg-color-over-image elementor-section-boxed elementor-section-height-default elementor-section-height-default\" data-id=\"1b1bb35f\" data-element_type=\"section\">\n\t\t\t\t\t\t<div class=\"elementor-container elementor-column-gap-default\">\n\t\t\t\t\t<div class=\"elementor-column elementor-col-100 elementor-top-column elementor-element elementor-element-6adfb2f cspt-bg-color-over-image\" data-id=\"6adfb2f\" data-element_type=\"column\">\n\t\t\t<div class=\"elementor-widget-wrap elementor-element-populated\">\n\t\t\t\t\t\t<div class=\"elementor-element elementor-element-c739e43 cspt-align-center elementor-widget elementor-widget-cspt_heading\" data-id=\"c739e43\" data-element_type=\"widget\" data-widget_type=\"cspt_heading.default\">\n\t\t\t\t<div class=\"elementor-widget-container\">\n\t\t\t\t\t\t<div class=\"cspt-heading-subheading center-align cspt-reverse-heading-yes\"><h4 class=\"cspt-element-subtitle\">\r\n\t\t\t\r\n\t\t\t\tVerantwortlich f\u00fcr den Inhalt nach \u00a7 55 Abs. 2 RStV:\r\n\t\t\t\r\n\t\t\t<\/h4>\r\n\t\t<\/div>\t\t\t\t<\/div>\n\t\t\t\t<\/div>\n\t\t\t\t<section class=\"elementor-section elementor-inner-section elementor-element elementor-element-755b43b cspt-brdr-btm-effect cspt-col-stretched-none cspt-bg-color-over-image elementor-section-boxed elementor-section-height-default elementor-section-height-default\" data-id=\"755b43b\" data-element_type=\"section\" data-settings=\"{&quot;background_background&quot;:&quot;classic&quot;}\">\n\t\t\t\t\t\t<div class=\"elementor-container elementor-column-gap-default\">\n\t\t\t\t\t<div class=\"elementor-column elementor-col-100 elementor-inner-column elementor-element elementor-element-3abb5bec cspt-bg-color-over-image\" data-id=\"3abb5bec\" data-element_type=\"column\">\n\t\t\t<div class=\"elementor-widget-wrap elementor-element-populated\">\n\t\t\t\t\t\t<div class=\"elementor-element elementor-element-259fe3bf elementor-widget elementor-widget-cspt_icon_heading\" data-id=\"259fe3bf\" data-element_type=\"widget\" data-widget_type=\"cspt_icon_heading.default\">\n\t\t\t\t<div class=\"elementor-widget-container\">\n\t\t\t\t\t<div  class=\"cspt-ihbox cspt-ihbox-style-5\" >\r\n\t<div class=\"cspt-ihbox-contents\">\r\n\t\t<div class=\"cspt-ihbox-icon-heading align-middle\">\r\n\t\t\t<div class=\"cspt-ihbox-icon\"><div class=\"cspt-ihbox-icon-wrapper\"><i class=\"\"><\/i><\/div><\/div>\t\t\t\t\t<\/div>\r\n\t\t\t\t<div class=\"cspt-heading-desc\"><p style=\"color:green\">David M\u00fcller und Nermin Zildzic<\/p>\n<p style=\"color:green\">Kiefernweg 3\n65428 R\u00fcsselsheim am Main<\/p>\n\n<p>Wir sind nicht bereit und nicht verpflichtet, an Streitbeilegungsverfahren vor einer Verbraucherschlichtungsstelle teilzunehmen.<\/p><\/div>\t\t\t<\/div><!-- .cspt-ihbox-contents -->\r\n<\/div>\t\t\t\t<\/div>\n\t\t\t\t<\/div>\n\t\t\t\t\t<\/div>\n\t\t<\/div>\n\t\t\t\t\t<\/div>\n\t\t<\/section>\n\t\t\t\t\t<\/div>\n\t\t<\/div>\n\t\t\t\t\t<\/div>\n\t\t<\/section>\n\t\t\t\t<section class=\"elementor-section elementor-top-section elementor-element elementor-element-1c3ec38 cspt-col-stretched-none cspt-bg-color-over-image elementor-section-boxed elementor-section-height-default elementor-section-height-default\" data-id=\"1c3ec38\" data-element_type=\"section\">\n\t\t\t\t\t\t<div class=\"elementor-container elementor-column-gap-default\">\n\t\t\t\t\t<div class=\"elementor-column elementor-col-100 elementor-top-column elementor-element elementor-element-de9e52d cspt-bg-color-over-image\" data-id=\"de9e52d\" data-element_type=\"column\">\n\t\t\t<div class=\"elementor-widget-wrap elementor-element-populated\">\n\t\t\t\t\t\t<div class=\"elementor-element elementor-element-098ad1c elementor-widget elementor-widget-spacer\" data-id=\"098ad1c\" data-element_type=\"widget\" data-widget_type=\"spacer.default\">\n\t\t\t\t<div class=\"elementor-widget-container\">\n\t\t\t\t\t\t\t<div class=\"elementor-spacer\">\n\t\t\t<div class=\"elementor-spacer-inner\"><\/div>\n\t\t<\/div>\n\t\t\t\t\t\t<\/div>\n\t\t\t\t<\/div>\n\t\t\t\t\t<\/div>\n\t\t<\/div>\n\t\t\t\t\t<\/div>\n\t\t<\/section>\n\t\t\t\t<\/div>","protected":false},"excerpt":{"rendered":"<p>Impressum Impressum Impressum f\u00fcr Mz Bio GmbH MZ Bio GmbH Kiefernweg 3 65428 R\u00fcsselsheim am Main Gesch\u00e4ftsf\u00fchrer David M\u00fcller Nermin Zildzic Kontakt Telefon: +49 6142 7958575 E-Mail: info@mzbio.de Steuer ID Ust.ID: DE360510742 Steuernummer 21 239 1088 0 Registergericht Darmstadt HRB-Nummer: 104773 Verantwortlich f\u00fcr den Inhalt nach \u00a7 55 Abs. 2 RStV: David M\u00fcller und Nermin Zildzic Kiefernweg 3 65428 R\u00fcsselsheim am Main Wir sind nicht bereit und nicht verpflichtet, an[&hellip;]<\/p>","protected":false},"author":1,"featured_media":0,"parent":0,"menu_order":17,"comment_status":"closed","ping_status":"closed","template":"","meta":{"_acf_changed":false,"footnotes":""},"class_list":["post-2339","page","type-page","status-publish","hentry"],"acf":[],"_links":{"self":[{"href":"https:\/\/mzbio.de\/en\/wp-json\/wp\/v2\/pages\/2339","targetHints":{"allow":["GET"]}}],"collection":[{"href":"https:\/\/mzbio.de\/en\/wp-json\/wp\/v2\/pages"}],"about":[{"href":"https:\/\/mzbio.de\/en\/wp-json\/wp\/v2\/types\/page"}],"author":[{"embeddable":true,"href":"https:\/\/mzbio.de\/en\/wp-json\/wp\/v2\/users\/1"}],"replies":[{"embeddable":true,"href":"https:\/\/mzbio.de\/en\/wp-json\/wp\/v2\/comments?post=2339"}],"version-history":[{"count":37,"href":"https:\/\/mzbio.de\/en\/wp-json\/wp\/v2\/pages\/2339\/revisions"}],"predecessor-version":[{"id":3231,"href":"https:\/\/mzbio.de\/en\/wp-json\/wp\/v2\/pages\/2339\/revisions\/3231"}],"wp:attachment":[{"href":"https:\/\/mzbio.de\/en\/wp-json\/wp\/v2\/media?parent=2339"}],"curies":[{"name":"wp","href":"https:\/\/api.w.org\/{rel}","templated":true}]}}